{"id":57,"date":"2019-03-05T18:41:55","date_gmt":"2019-03-05T18:41:55","guid":{"rendered":"http:\/\/www.janmogensen.dk\/?page_id=57"},"modified":"2026-04-09T13:54:15","modified_gmt":"2026-04-09T13:54:15","slug":"diverse-ting-til-salg","status":"publish","type":"page","link":"https:\/\/www.janmogensen.dk\/","title":{"rendered":"Butik"},"content":{"rendered":"<div class=\"wp-block-image is-style-rounded\">\n<figure class=\"aligncenter size-medium\"><img loading=\"lazy\" decoding=\"async\" width=\"300\" height=\"269\" src=\"https:\/\/www.janmogensen.dk\/wp-content\/uploads\/2021\/12\/Toppet-Skallesluger-Profil-300x269.jpg\" alt=\"\" class=\"wp-image-722\" srcset=\"https:\/\/www.janmogensen.dk\/wp-content\/uploads\/2021\/12\/Toppet-Skallesluger-Profil-300x269.jpg 300w, https:\/\/www.janmogensen.dk\/wp-content\/uploads\/2021\/12\/Toppet-Skallesluger-Profil-1024x917.jpg 1024w, https:\/\/www.janmogensen.dk\/wp-content\/uploads\/2021\/12\/Toppet-Skallesluger-Profil-768x688.jpg 768w, https:\/\/www.janmogensen.dk\/wp-content\/uploads\/2021\/12\/Toppet-Skallesluger-Profil-1536x1375.jpg 1536w, https:\/\/www.janmogensen.dk\/wp-content\/uploads\/2021\/12\/Toppet-Skallesluger-Profil-2048x1834.jpg 2048w\" sizes=\"auto, (max-width: 300px) 100vw, 300px\" \/><\/figure>\n<\/div>\n\n\n<p class=\"has-text-align-right has-small-font-size\">Forside: &#8220;Fuglefjeld&#8221; 2004 udstillet i Gjethuset, Frederiksv\u00e6rk, nu Hundested skole<\/p>\n\n\n\n<p class=\"has-text-align-center\" style=\"font-size:25px\"><strong>*<\/strong><\/p>\n\n\n\n<figure class=\"wp-block-embed is-type-video is-provider-youtube wp-block-embed-youtube wp-embed-aspect-16-9 wp-has-aspect-ratio\"><div class=\"wp-block-embed__wrapper\">\n<iframe loading=\"lazy\" title=\"2013 Fugle i Strandtr\u00e6 Lorry Kort\" width=\"525\" height=\"295\" src=\"https:\/\/www.youtube.com\/embed\/YqX3ZCoXFPU?feature=oembed\" frameborder=\"0\" allow=\"accelerometer; autoplay; clipboard-write; encrypted-media; gyroscope; picture-in-picture; web-share\" referrerpolicy=\"strict-origin-when-cross-origin\" allowfullscreen><\/iframe>\n<\/div><\/figure>\n\n\n\n<p class=\"has-text-align-center\"><strong>TV Lorry 2013<\/strong><\/p>\n\n\n\n<p class=\"has-text-align-center\" style=\"font-size:25px\"><strong>*<\/strong><\/p>\n\n\n\n<p class=\"has-text-align-center has-black-color has-text-color\" style=\"font-size:18px\"><meta charset=\"utf-8\"><\/meta>I sommeren 2015 stoppede jeg med &#8220;Fugle i Strandtr\u00e6&#8221;. Mit fuldtidsarbejde i gennem 20 \u00e5r. I for\u00e5ret 2020 starter jeg lidt igen, men kun med begr\u00e6nset salg fra min egen webside.<\/p>\n\n\n\n<p class=\"has-text-align-center has-black-color has-text-color\" style=\"font-size:18px\">Websiden er opdateret, s\u00e5 det du ser har jeg. Jeg sender, bare du kan betale med mobilepay, og betaler porto. Du er ogs\u00e5 velkommen til at bes\u00f8ge mit v\u00e6rkstedet, vi aftaler en tid.<\/p>\n\n\n\n<p class=\"has-text-align-center has-black-color has-text-color\" style=\"font-size:18px\"> <strong><span class=\"has-inline-color has-vivid-red-color\"><em>mail@janmogensen.dk<\/em><\/span><\/strong>  &#8211;  <strong><span class=\"has-inline-color has-vivid-red-color\"><em>27859127<\/em><\/span><\/strong>  &#8211; <strong> <span class=\"has-inline-color has-vivid-red-color\"><em>H\u00f8jdevej 8, Hundested.<\/em><\/span><\/strong><\/p>\n\n\n\n<p class=\"has-text-align-center\" style=\"font-size:25px\"><strong>*<\/strong><\/p>\n\n\n\n<figure class=\"wp-block-image size-large is-style-default\"><a href=\"https:\/\/www.janmogensen.dk\/wp-content\/uploads\/2026\/03\/26RyleFlok01-1-scaled.jpg\"><img loading=\"lazy\" decoding=\"async\" width=\"1024\" height=\"448\" src=\"https:\/\/www.janmogensen.dk\/wp-content\/uploads\/2026\/03\/26RyleFlok01-1-1024x448.jpg\" alt=\"\" class=\"wp-image-1595\" srcset=\"https:\/\/www.janmogensen.dk\/wp-content\/uploads\/2026\/03\/26RyleFlok01-1-1024x448.jpg 1024w, https:\/\/www.janmogensen.dk\/wp-content\/uploads\/2026\/03\/26RyleFlok01-1-300x131.jpg 300w, https:\/\/www.janmogensen.dk\/wp-content\/uploads\/2026\/03\/26RyleFlok01-1-768x336.jpg 768w, https:\/\/www.janmogensen.dk\/wp-content\/uploads\/2026\/03\/26RyleFlok01-1-1536x672.jpg 1536w, https:\/\/www.janmogensen.dk\/wp-content\/uploads\/2026\/03\/26RyleFlok01-1-2048x896.jpg 2048w\" sizes=\"auto, (max-width: 767px) 89vw, (max-width: 1000px) 54vw, (max-width: 1071px) 543px, 580px\" \/><\/a><\/figure>\n\n\n\n<p class=\"has-text-align-center\" style=\"font-size:18px\"><strong>Se ogs\u00e5 hvad jeg lavede f\u00f8r og efter Fugle i Strandtr\u00e6:<\/strong><\/p>\n\n\n\n<p class=\"has-text-align-center\" style=\"font-size:18px\">Link:  <a href=\"https:\/\/havkajaknatur.dk\/?page_id=2392\"><strong>NATUR INSPIRATION<\/strong><\/a><\/p>\n\n\n\n<p class=\"has-text-align-center\" style=\"font-size:25px\"><strong>*<\/strong><\/p>\n\n\n\n<p class=\"has-text-align-center has-medium-font-size\"><strong>Billeder til salg<\/strong><\/p>\n\n\n\n<p class=\"has-text-align-center\" style=\"font-size:18px\">(Viste billederne kan variere lidt i st\u00f8rrelsen, i forhold til hinanden)<\/p>\n\n\n\n<figure class=\"wp-block-image size-large\"><a href=\"https:\/\/www.janmogensen.dk\/wp-content\/uploads\/2026\/04\/Nr.3-1-scaled.jpg\"><img loading=\"lazy\" decoding=\"async\" width=\"1024\" height=\"271\" src=\"https:\/\/www.janmogensen.dk\/wp-content\/uploads\/2026\/04\/Nr.3-1-1024x271.jpg\" alt=\"\" class=\"wp-image-1607\" srcset=\"https:\/\/www.janmogensen.dk\/wp-content\/uploads\/2026\/04\/Nr.3-1-1024x271.jpg 1024w, https:\/\/www.janmogensen.dk\/wp-content\/uploads\/2026\/04\/Nr.3-1-300x79.jpg 300w, https:\/\/www.janmogensen.dk\/wp-content\/uploads\/2026\/04\/Nr.3-1-768x203.jpg 768w, https:\/\/www.janmogensen.dk\/wp-content\/uploads\/2026\/04\/Nr.3-1-1536x406.jpg 1536w, https:\/\/www.janmogensen.dk\/wp-content\/uploads\/2026\/04\/Nr.3-1-2048x541.jpg 2048w\" sizes=\"auto, (max-width: 767px) 89vw, (max-width: 1000px) 54vw, (max-width: 1071px) 543px, 580px\" \/><\/a><\/figure>\n\n\n\n<figure class=\"wp-block-image size-large\"><a href=\"https:\/\/www.janmogensen.dk\/wp-content\/uploads\/2025\/11\/Nr.9-scaled.jpg\"><img loading=\"lazy\" decoding=\"async\" width=\"1024\" height=\"871\" src=\"https:\/\/www.janmogensen.dk\/wp-content\/uploads\/2025\/11\/Nr.9-1024x871.jpg\" alt=\"\" class=\"wp-image-1534\" srcset=\"https:\/\/www.janmogensen.dk\/wp-content\/uploads\/2025\/11\/Nr.9-1024x871.jpg 1024w, https:\/\/www.janmogensen.dk\/wp-content\/uploads\/2025\/11\/Nr.9-300x255.jpg 300w, https:\/\/www.janmogensen.dk\/wp-content\/uploads\/2025\/11\/Nr.9-768x653.jpg 768w, https:\/\/www.janmogensen.dk\/wp-content\/uploads\/2025\/11\/Nr.9-1536x1307.jpg 1536w, https:\/\/www.janmogensen.dk\/wp-content\/uploads\/2025\/11\/Nr.9-2048x1742.jpg 2048w\" sizes=\"auto, (max-width: 767px) 89vw, (max-width: 1000px) 54vw, (max-width: 1071px) 543px, 580px\" \/><\/a><\/figure>\n\n\n\n<figure class=\"wp-block-image size-large\"><a href=\"https:\/\/www.janmogensen.dk\/wp-content\/uploads\/2026\/04\/Nr.4-scaled.jpg\"><img loading=\"lazy\" decoding=\"async\" width=\"767\" height=\"1024\" src=\"https:\/\/www.janmogensen.dk\/wp-content\/uploads\/2026\/04\/Nr.4-767x1024.jpg\" alt=\"\" class=\"wp-image-1608\" srcset=\"https:\/\/www.janmogensen.dk\/wp-content\/uploads\/2026\/04\/Nr.4-767x1024.jpg 767w, https:\/\/www.janmogensen.dk\/wp-content\/uploads\/2026\/04\/Nr.4-225x300.jpg 225w, https:\/\/www.janmogensen.dk\/wp-content\/uploads\/2026\/04\/Nr.4-768x1025.jpg 768w, https:\/\/www.janmogensen.dk\/wp-content\/uploads\/2026\/04\/Nr.4-1151x1536.jpg 1151w, https:\/\/www.janmogensen.dk\/wp-content\/uploads\/2026\/04\/Nr.4-1534x2048.jpg 1534w, https:\/\/www.janmogensen.dk\/wp-content\/uploads\/2026\/04\/Nr.4-scaled.jpg 1918w\" sizes=\"auto, (max-width: 767px) 89vw, (max-width: 1000px) 54vw, (max-width: 1071px) 543px, 580px\" \/><\/a><\/figure>\n\n\n\n<figure class=\"wp-block-image size-large\"><a href=\"https:\/\/www.janmogensen.dk\/wp-content\/uploads\/2026\/03\/Nr.1a-scaled.jpg\"><img loading=\"lazy\" decoding=\"async\" width=\"1024\" height=\"298\" src=\"https:\/\/www.janmogensen.dk\/wp-content\/uploads\/2026\/03\/Nr.1a-1024x298.jpg\" alt=\"\" class=\"wp-image-1574\" srcset=\"https:\/\/www.janmogensen.dk\/wp-content\/uploads\/2026\/03\/Nr.1a-1024x298.jpg 1024w, https:\/\/www.janmogensen.dk\/wp-content\/uploads\/2026\/03\/Nr.1a-300x87.jpg 300w, https:\/\/www.janmogensen.dk\/wp-content\/uploads\/2026\/03\/Nr.1a-768x223.jpg 768w, https:\/\/www.janmogensen.dk\/wp-content\/uploads\/2026\/03\/Nr.1a-1536x447.jpg 1536w, https:\/\/www.janmogensen.dk\/wp-content\/uploads\/2026\/03\/Nr.1a-2048x596.jpg 2048w\" sizes=\"auto, (max-width: 767px) 89vw, (max-width: 1000px) 54vw, (max-width: 1071px) 543px, 580px\" \/><\/a><\/figure>\n\n\n\n<figure class=\"wp-block-image size-large\"><a href=\"https:\/\/www.janmogensen.dk\/wp-content\/uploads\/2026\/03\/Nr.5d-scaled.jpg\"><img loading=\"lazy\" decoding=\"async\" width=\"1024\" height=\"469\" src=\"https:\/\/www.janmogensen.dk\/wp-content\/uploads\/2026\/03\/Nr.5d-1024x469.jpg\" alt=\"\" class=\"wp-image-1580\" srcset=\"https:\/\/www.janmogensen.dk\/wp-content\/uploads\/2026\/03\/Nr.5d-1024x469.jpg 1024w, https:\/\/www.janmogensen.dk\/wp-content\/uploads\/2026\/03\/Nr.5d-300x137.jpg 300w, https:\/\/www.janmogensen.dk\/wp-content\/uploads\/2026\/03\/Nr.5d-768x352.jpg 768w, https:\/\/www.janmogensen.dk\/wp-content\/uploads\/2026\/03\/Nr.5d-1536x703.jpg 1536w, https:\/\/www.janmogensen.dk\/wp-content\/uploads\/2026\/03\/Nr.5d-2048x937.jpg 2048w\" sizes=\"auto, (max-width: 767px) 89vw, (max-width: 1000px) 54vw, (max-width: 1071px) 543px, 580px\" \/><\/a><\/figure>\n\n\n\n<figure class=\"wp-block-image size-large\"><a href=\"https:\/\/www.janmogensen.dk\/wp-content\/uploads\/2026\/04\/Nr.12-scaled.jpg\"><img loading=\"lazy\" decoding=\"async\" width=\"1024\" height=\"269\" src=\"https:\/\/www.janmogensen.dk\/wp-content\/uploads\/2026\/04\/Nr.12-1024x269.jpg\" alt=\"\" class=\"wp-image-1613\" srcset=\"https:\/\/www.janmogensen.dk\/wp-content\/uploads\/2026\/04\/Nr.12-1024x269.jpg 1024w, https:\/\/www.janmogensen.dk\/wp-content\/uploads\/2026\/04\/Nr.12-300x79.jpg 300w, https:\/\/www.janmogensen.dk\/wp-content\/uploads\/2026\/04\/Nr.12-768x202.jpg 768w, https:\/\/www.janmogensen.dk\/wp-content\/uploads\/2026\/04\/Nr.12-1536x403.jpg 1536w, https:\/\/www.janmogensen.dk\/wp-content\/uploads\/2026\/04\/Nr.12-2048x538.jpg 2048w\" sizes=\"auto, (max-width: 767px) 89vw, (max-width: 1000px) 54vw, (max-width: 1071px) 543px, 580px\" \/><\/a><\/figure>\n\n\n\n<figure class=\"wp-block-image size-large\"><a href=\"https:\/\/www.janmogensen.dk\/wp-content\/uploads\/2026\/04\/Nr.11-scaled.jpg\"><img loading=\"lazy\" decoding=\"async\" width=\"771\" height=\"1024\" src=\"https:\/\/www.janmogensen.dk\/wp-content\/uploads\/2026\/04\/Nr.11-771x1024.jpg\" alt=\"\" class=\"wp-image-1611\" srcset=\"https:\/\/www.janmogensen.dk\/wp-content\/uploads\/2026\/04\/Nr.11-771x1024.jpg 771w, https:\/\/www.janmogensen.dk\/wp-content\/uploads\/2026\/04\/Nr.11-226x300.jpg 226w, https:\/\/www.janmogensen.dk\/wp-content\/uploads\/2026\/04\/Nr.11-768x1020.jpg 768w, https:\/\/www.janmogensen.dk\/wp-content\/uploads\/2026\/04\/Nr.11-1156x1536.jpg 1156w, https:\/\/www.janmogensen.dk\/wp-content\/uploads\/2026\/04\/Nr.11-1542x2048.jpg 1542w, https:\/\/www.janmogensen.dk\/wp-content\/uploads\/2026\/04\/Nr.11-scaled.jpg 1927w\" sizes=\"auto, (max-width: 767px) 89vw, (max-width: 1000px) 54vw, (max-width: 1071px) 543px, 580px\" \/><\/a><\/figure>\n\n\n\n<figure class=\"wp-block-image size-large\"><a href=\"https:\/\/www.janmogensen.dk\/wp-content\/uploads\/2025\/12\/Nr.2a-scaled.jpg\"><img loading=\"lazy\" decoding=\"async\" width=\"1024\" height=\"247\" src=\"https:\/\/www.janmogensen.dk\/wp-content\/uploads\/2025\/12\/Nr.2a-1024x247.jpg\" alt=\"\" class=\"wp-image-1566\" srcset=\"https:\/\/www.janmogensen.dk\/wp-content\/uploads\/2025\/12\/Nr.2a-1024x247.jpg 1024w, https:\/\/www.janmogensen.dk\/wp-content\/uploads\/2025\/12\/Nr.2a-300x72.jpg 300w, https:\/\/www.janmogensen.dk\/wp-content\/uploads\/2025\/12\/Nr.2a-768x185.jpg 768w, https:\/\/www.janmogensen.dk\/wp-content\/uploads\/2025\/12\/Nr.2a-1536x370.jpg 1536w, https:\/\/www.janmogensen.dk\/wp-content\/uploads\/2025\/12\/Nr.2a-2048x493.jpg 2048w\" sizes=\"auto, (max-width: 767px) 89vw, (max-width: 1000px) 54vw, (max-width: 1071px) 543px, 580px\" \/><\/a><\/figure>\n\n\n\n<figure class=\"wp-block-image size-large\"><a href=\"https:\/\/www.janmogensen.dk\/wp-content\/uploads\/2025\/11\/Nr.14d-scaled.jpg\"><img loading=\"lazy\" decoding=\"async\" width=\"1024\" height=\"268\" src=\"https:\/\/www.janmogensen.dk\/wp-content\/uploads\/2025\/11\/Nr.14d-1024x268.jpg\" alt=\"\" class=\"wp-image-1548\" srcset=\"https:\/\/www.janmogensen.dk\/wp-content\/uploads\/2025\/11\/Nr.14d-1024x268.jpg 1024w, https:\/\/www.janmogensen.dk\/wp-content\/uploads\/2025\/11\/Nr.14d-300x79.jpg 300w, https:\/\/www.janmogensen.dk\/wp-content\/uploads\/2025\/11\/Nr.14d-768x201.jpg 768w, https:\/\/www.janmogensen.dk\/wp-content\/uploads\/2025\/11\/Nr.14d-1536x402.jpg 1536w, https:\/\/www.janmogensen.dk\/wp-content\/uploads\/2025\/11\/Nr.14d-2048x536.jpg 2048w\" sizes=\"auto, (max-width: 767px) 89vw, (max-width: 1000px) 54vw, (max-width: 1071px) 543px, 580px\" \/><\/a><\/figure>\n\n\n\n<figure class=\"wp-block-image size-large\"><a href=\"https:\/\/www.janmogensen.dk\/wp-content\/uploads\/2026\/04\/Nr.7-scaled.jpg\"><img loading=\"lazy\" decoding=\"async\" width=\"1024\" height=\"799\" src=\"https:\/\/www.janmogensen.dk\/wp-content\/uploads\/2026\/04\/Nr.7-1024x799.jpg\" alt=\"\" class=\"wp-image-1609\" srcset=\"https:\/\/www.janmogensen.dk\/wp-content\/uploads\/2026\/04\/Nr.7-1024x799.jpg 1024w, https:\/\/www.janmogensen.dk\/wp-content\/uploads\/2026\/04\/Nr.7-300x234.jpg 300w, https:\/\/www.janmogensen.dk\/wp-content\/uploads\/2026\/04\/Nr.7-768x599.jpg 768w, https:\/\/www.janmogensen.dk\/wp-content\/uploads\/2026\/04\/Nr.7-1536x1198.jpg 1536w, https:\/\/www.janmogensen.dk\/wp-content\/uploads\/2026\/04\/Nr.7-2048x1598.jpg 2048w\" sizes=\"auto, (max-width: 767px) 89vw, (max-width: 1000px) 54vw, (max-width: 1071px) 543px, 580px\" \/><\/a><\/figure>\n\n\n\n<figure class=\"wp-block-image size-large\"><a href=\"https:\/\/www.janmogensen.dk\/wp-content\/uploads\/2025\/11\/Nr.6b-scaled.jpg\"><img loading=\"lazy\" decoding=\"async\" width=\"1024\" height=\"332\" src=\"https:\/\/www.janmogensen.dk\/wp-content\/uploads\/2025\/11\/Nr.6b-1024x332.jpg\" alt=\"\" class=\"wp-image-1526\" srcset=\"https:\/\/www.janmogensen.dk\/wp-content\/uploads\/2025\/11\/Nr.6b-1024x332.jpg 1024w, https:\/\/www.janmogensen.dk\/wp-content\/uploads\/2025\/11\/Nr.6b-300x97.jpg 300w, https:\/\/www.janmogensen.dk\/wp-content\/uploads\/2025\/11\/Nr.6b-768x249.jpg 768w, https:\/\/www.janmogensen.dk\/wp-content\/uploads\/2025\/11\/Nr.6b-1536x498.jpg 1536w, https:\/\/www.janmogensen.dk\/wp-content\/uploads\/2025\/11\/Nr.6b-2048x663.jpg 2048w\" sizes=\"auto, (max-width: 767px) 89vw, (max-width: 1000px) 54vw, (max-width: 1071px) 543px, 580px\" \/><\/a><\/figure>\n\n\n\n<figure class=\"wp-block-image size-large\"><a href=\"https:\/\/www.janmogensen.dk\/wp-content\/uploads\/2026\/03\/Nr.8c-scaled.jpg\"><img loading=\"lazy\" decoding=\"async\" width=\"1024\" height=\"307\" src=\"https:\/\/www.janmogensen.dk\/wp-content\/uploads\/2026\/03\/Nr.8c-1024x307.jpg\" alt=\"\" class=\"wp-image-1577\" srcset=\"https:\/\/www.janmogensen.dk\/wp-content\/uploads\/2026\/03\/Nr.8c-1024x307.jpg 1024w, https:\/\/www.janmogensen.dk\/wp-content\/uploads\/2026\/03\/Nr.8c-300x90.jpg 300w, https:\/\/www.janmogensen.dk\/wp-content\/uploads\/2026\/03\/Nr.8c-768x230.jpg 768w, https:\/\/www.janmogensen.dk\/wp-content\/uploads\/2026\/03\/Nr.8c-1536x460.jpg 1536w, https:\/\/www.janmogensen.dk\/wp-content\/uploads\/2026\/03\/Nr.8c-2048x613.jpg 2048w\" sizes=\"auto, (max-width: 767px) 89vw, (max-width: 1000px) 54vw, (max-width: 1071px) 543px, 580px\" \/><\/a><\/figure>\n\n\n\n<figure class=\"wp-block-image size-large\"><a href=\"https:\/\/www.janmogensen.dk\/wp-content\/uploads\/2026\/03\/Nr.10c-scaled.jpg\"><img loading=\"lazy\" decoding=\"async\" width=\"1024\" height=\"891\" src=\"https:\/\/www.janmogensen.dk\/wp-content\/uploads\/2026\/03\/Nr.10c-1024x891.jpg\" alt=\"\" class=\"wp-image-1584\" srcset=\"https:\/\/www.janmogensen.dk\/wp-content\/uploads\/2026\/03\/Nr.10c-1024x891.jpg 1024w, https:\/\/www.janmogensen.dk\/wp-content\/uploads\/2026\/03\/Nr.10c-300x261.jpg 300w, https:\/\/www.janmogensen.dk\/wp-content\/uploads\/2026\/03\/Nr.10c-768x668.jpg 768w, https:\/\/www.janmogensen.dk\/wp-content\/uploads\/2026\/03\/Nr.10c-1536x1337.jpg 1536w, https:\/\/www.janmogensen.dk\/wp-content\/uploads\/2026\/03\/Nr.10c-2048x1782.jpg 2048w\" sizes=\"auto, (max-width: 767px) 89vw, (max-width: 1000px) 54vw, (max-width: 1071px) 543px, 580px\" \/><\/a><\/figure>\n","protected":false},"excerpt":{"rendered":"<p>Forside: &#8220;Fuglefjeld&#8221; 2004 udstillet i Gjethuset, Frederiksv\u00e6rk, nu Hundested skole * TV Lorry 2013 * I sommeren 2015 stoppede jeg med &#8220;Fugle i Strandtr\u00e6&#8221;. Mit fuldtidsarbejde i gennem 20 \u00e5r. I for\u00e5ret 2020 starter jeg lidt igen, men kun med begr\u00e6nset salg fra min egen webside. Websiden er opdateret, s\u00e5 det du ser har jeg. &hellip; <\/p>\n<p class=\"link-more\"><a href=\"https:\/\/www.janmogensen.dk\/\" class=\"more-link\">L\u00e6s videre<span class=\"screen-reader-text\"> &#8220;Butik&#8221;<\/span><\/a><\/p>\n","protected":false},"author":1,"featured_media":0,"parent":0,"menu_order":0,"comment_status":"closed","ping_status":"closed","template":"","meta":{"footnotes":""},"class_list":["post-57","page","type-page","status-publish","hentry"],"_links":{"self":[{"href":"https:\/\/www.janmogensen.dk\/index.php?rest_route=\/wp\/v2\/pages\/57","targetHints":{"allow":["GET"]}}],"collection":[{"href":"https:\/\/www.janmogensen.dk\/index.php?rest_route=\/wp\/v2\/pages"}],"about":[{"href":"https:\/\/www.janmogensen.dk\/index.php?rest_route=\/wp\/v2\/types\/page"}],"author":[{"embeddable":true,"href":"https:\/\/www.janmogensen.dk\/index.php?rest_route=\/wp\/v2\/users\/1"}],"replies":[{"embeddable":true,"href":"https:\/\/www.janmogensen.dk\/index.php?rest_route=%2Fwp%2Fv2%2Fcomments&post=57"}],"version-history":[{"count":473,"href":"https:\/\/www.janmogensen.dk\/index.php?rest_route=\/wp\/v2\/pages\/57\/revisions"}],"predecessor-version":[{"id":1614,"href":"https:\/\/www.janmogensen.dk\/index.php?rest_route=\/wp\/v2\/pages\/57\/revisions\/1614"}],"wp:attachment":[{"href":"https:\/\/www.janmogensen.dk\/index.php?rest_route=%2Fwp%2Fv2%2Fmedia&parent=57"}],"curies":[{"name":"wp","href":"https:\/\/api.w.org\/{rel}","templated":true}]}}